{"id":10,"date":"2025-12-03T01:00:03","date_gmt":"2025-12-02T18:00:03","guid":{"rendered":"https:\/\/58win.travel\/?page_id=10"},"modified":"2025-12-08T17:56:45","modified_gmt":"2025-12-08T10:56:45","slug":"home-page","status":"publish","type":"page","link":"https:\/\/www.58win.travel\/","title":{"rendered":"58WIN &#8211; Trang Ch\u1ee7 Ch\u00ednh Th\u1ee9c | Nh\u00e0 C\u00e1i Uy T\u00edn H\u00e0ng \u0110\u1ea7u Ch\u00e2u \u00c1"},"content":{"rendered":"<div class=\"slider-wrapper relative\" id=\"slider-1271605992\" >\n    <div class=\"slider slider-nav-circle slider-nav-large slider-nav-light slider-style-normal\"\n        data-flickity-options='{\n            \"cellAlign\": \"center\",\n            \"imagesLoaded\": true,\n            \"lazyLoad\": 1,\n            \"freeScroll\": false,\n            \"wrapAround\": true,\n            \"autoPlay\": 6000,\n            \"pauseAutoPlayOnHover\" : true,\n            \"prevNextButtons\": true,\n            \"contain\" : true,\n            \"adaptiveHeight\" : true,\n            \"dragThreshold\" : 10,\n            \"percentPosition\": true,\n            \"pageDots\": true,\n            \"rightToLeft\": false,\n            \"draggable\": true,\n            \"selectedAttraction\": 0.1,\n            \"parallax\" : 0,\n            \"friction\": 0.6        }'\n        >\n        \n\t<div class=\"img has-hover x md-x lg-x y md-y lg-y\" id=\"image_851259189\">\n\t\t\t\t\t\t\t\t<div class=\"img-inner dark\" >\n\t\t\t<img loading=\"lazy\" decoding=\"async\" width=\"1920\" height=\"500\" src=\"https:\/\/www.58win.travel\/wp-content\/uploads\/2025\/12\/58win-khuyen-mai-lan-dai.webp\" class=\"attachment-original size-original\" alt=\"58WIN Nh\u00e0 C\u00e1i Uy T\u00edn H\u00e0ng \u0110\u1ea7u Ch\u00e2u \u00c1\" srcset=\"https:\/\/www.58win.travel\/wp-content\/uploads\/2025\/12\/58win-khuyen-mai-lan-dai.webp 1920w, https:\/\/www.58win.travel\/wp-content\/uploads\/2025\/12\/58win-khuyen-mai-lan-dai-300x78.webp 300w, https:\/\/www.58win.travel\/wp-content\/uploads\/2025\/12\/58win-khuyen-mai-lan-dai-1024x267.webp 1024w, https:\/\/www.58win.travel\/wp-content\/uploads\/2025\/12\/58win-khuyen-mai-lan-dai-768x200.webp 768w, https:\/\/www.58win.travel\/wp-content\/uploads\/2025\/12\/58win-khuyen-mai-lan-dai-1536x400.webp 1536w\" sizes=\"auto, (max-width: 1920px) 100vw, 1920px\" \/>\t\t\t\t\t\t\n\t\t\t\t\t<\/div>\n\t\t\t\t\t\t\t\t\n<style>\n#image_851259189 {\n  width: 100%;\n}\n<\/style>\n\t<\/div>\n\t\n     <\/div>\n\n     <div class=\"loading-spin dark large centered\"><\/div>\n\n\t<\/div>\n\n\n\n\t<section class=\"section sticky-section\" id=\"section_39471627\">\n\t\t<div class=\"section-bg fill\" >\n\t\t\t\t\t\t\t\t\t<button class=\"scroll-for-more z-5 icon absolute bottom h-center\" aria-label=\"Cu\u1ed9n \u0111\u1ec3 xem th\u00eam\"><i class=\"icon-angle-down\" style=\"font-size:42px;\" ><\/i><\/button><div class=\"effect-sparkle bg-effect fill no-click\"><\/div>\n\t\t\t\n\n\t\t<\/div>\n\n\t\t\n\n\t\t<div class=\"section-content relative\">\n\t\t\t\n<div class=\"container section-title-container\" ><h1 class=\"section-title section-title-bold-center\"><b><\/b><span class=\"section-title-main\" >58WIN - Trang Ch\u1ee7 Ch\u00ednh Th\u1ee9c | Nh\u00e0 C\u00e1i Uy T\u00edn H\u00e0ng \u0110\u1ea7u Ch\u00e2u \u00c1<\/span><b><\/b><\/h1><\/div>\n<div class=\"row\"  id=\"row-1936573614\">\n\n\t<div id=\"col-719413382\" class=\"col small-12 large-12\"  >\n\t\t\t\t<div class=\"col-inner\"  >\n\t\t\t\n\t\t\t\n<p><span data-sheets-root=\"1\"><strong><a href=\"https:\/\/58win.travel\/\">58WIN<\/a><\/strong> t\u1ef1 h\u00e0o kh\u1eb3ng \u0111\u1ecbnh v\u1ecb th\u1ebf l\u00e0 nh\u00e0 c\u00e1i uy t\u00edn h\u00e0ng \u0111\u1ea7u Ch\u00e2u \u00c1, mang \u0111\u1ebfn cho ng\u01b0\u1eddi ch\u01a1i kh\u00f4ng gian c\u00e1 c\u01b0\u1ee3c \u0111\u1eb3ng c\u1ea5p t\u1eeb Th\u1ec3 thao, Casino Live \u0111\u1ebfn N\u1ed5 h\u0169 \u0111\u1ed5i th\u01b0\u1edfng. V\u1edbi n\u1ec1n t\u1ea3ng c\u00f4ng ngh\u1ec7 hi\u1ec7n \u0111\u1ea1i, h\u1ec7 th\u1ed1ng cam k\u1ebft b\u1ea3o m\u1eadt tuy\u1ec7t \u0111\u1ed1i th\u00f4ng tin v\u00e0 h\u1ed7 tr\u1ee3 n\u1ea1p r\u00fat si\u00eau t\u1ed1c ch\u1ec9 trong 3 ph\u00fat. \u0110\u0103ng k\u00fd tham gia ngay h\u00f4m nay \u0111\u1ec3 tr\u1ea3i nghi\u1ec7m t\u1ef7 l\u1ec7 tr\u1ea3 th\u01b0\u1edfng c\u1ea1nh tranh nh\u1ea5t th\u1ecb tr\u01b0\u1eddng v\u00e0 nh\u1eadn h\u00e0ng ng\u00e0n \u01b0u \u0111\u00e3i h\u1ea5p d\u1eabn d\u00e0nh ri\u00eang cho t\u00e2n th\u1ee7.<\/span><\/p>\n<div class=\"container section-title-container\" ><h2 class=\"section-title section-title-normal\"><b><\/b><span class=\"section-title-main\" >B\u00e0i Vi\u1ebft m\u1edbi n\u1ed5i<\/span><b><\/b><\/h2><\/div>\n\n  \n    <div class=\"row large-columns-3 medium-columns-1 small-columns-1 slider row-slider slider-nav-reveal slider-nav-push\"  data-flickity-options='{&quot;imagesLoaded&quot;: true, &quot;groupCells&quot;: &quot;100%&quot;, &quot;dragThreshold&quot; : 5, &quot;cellAlign&quot;: &quot;left&quot;,&quot;wrapAround&quot;: true,&quot;prevNextButtons&quot;: true,&quot;percentPosition&quot;: true,&quot;pageDots&quot;: false, &quot;rightToLeft&quot;: false, &quot;autoPlay&quot; : false}' >\n\n  <div class=\"col post-item\" >\n\t\t\t<div class=\"col-inner\">\n\t\t\t\t<div class=\"box box-normal box-text-bottom box-blog-post has-hover\">\n          \t\t\t\t\t<div class=\"box-text text-center\" >\n\t\t\t\t\t<div class=\"box-text-inner blog-post-inner\">\n\n\t\t\t\t\t\n\t\t\t\t\t\t\t\t\t\t<h5 class=\"post-title is-large \">\n\t\t\t\t\t\t<a href=\"https:\/\/www.58win.travel\/index.php\/2025\/11\/29\/hello-world\/\" class=\"plain\">Hello world!<\/a>\n\t\t\t\t\t<\/h5>\n\t\t\t\t\t<div class=\"post-meta is-small op-8\">Th\u00e1ng m\u01b0\u1eddi m\u1ed9t 29, 2025<\/div>\t\t\t\t\t<div class=\"is-divider\"><\/div>\n\t\t\t\t\t\t\t\t\t\t<p class=\"from_the_blog_excerpt \">\n\t\t\t\t\t\tWelcome to WordPress. This is your first post. Edit or delete it, then start writing!\t\t\t\t\t<\/p>\n\t\t\t\t\t                                            <p class=\"from_the_blog_comments uppercase is-xsmall\">\n                            1 B\u00ecnh lu\u1eadn                        <\/p>\n                    \n\t\t\t\t\t\n\t\t\t\t\t\n\t\t\t\t\t<\/div>\n\t\t\t\t\t<\/div>\n\t\t\t\t\t\t\t\t\t<\/div>\n\t\t\t<\/div>\n\t\t<\/div><\/div>\n\t\t<\/div>\n\t\t\t\t\t<\/div>\n\n\t\n<\/div>\n<div class=\"row\"  id=\"row-1902331008\">\n\n\t<div id=\"col-1480743839\" class=\"col medium-3 small-6 large-3\"  >\n\t\t\t\t<div class=\"col-inner\"  >\n\t\t\t\n\t\t\t\n<div class=\"row\"  id=\"row-1403067063\">\n\n\t<div id=\"col-982161396\" class=\"col medium-4 small-12 large-4\"  >\n\t\t\t\t<div class=\"col-inner\"  >\n\t\t\t\n\t\t\t\n\t<div class=\"img has-hover x md-x lg-x y md-y lg-y\" id=\"image_94817239\">\n\t\t\t\t\t\t\t\t<div class=\"img-inner dark\" >\n\t\t\t<img loading=\"lazy\" decoding=\"async\" width=\"55\" height=\"67\" src=\"https:\/\/www.58win.travel\/wp-content\/uploads\/2025\/12\/thuong-hieu.webp\" class=\"attachment-original size-original\" alt=\"Th\u01b0\u01a1ng hi\u1ec7u uy t\u00edn\" \/>\t\t\t\t\t\t\n\t\t\t\t\t<\/div>\n\t\t\t\t\t\t\t\t\n<style>\n#image_94817239 {\n  width: 100%;\n}\n<\/style>\n\t<\/div>\n\t\n\t\t<\/div>\n\t\t\t\t\t<\/div>\n\n\t\n\n\t<div id=\"col-2135279499\" class=\"col medium-8 small-12 large-8\"  >\n\t\t\t\t<div class=\"col-inner\"  >\n\t\t\t\n\t\t\t\n<p><strong>TH\u01af\u01a0NG HI\u1ec6U UY T\u00cdN<\/strong><\/p>\n<p>N\u1ec1n t\u1ea3ng \u0111\u01b0\u1ee3c tin ch\u1ecdn nh\u1edd s\u1ef1 minh b\u1ea1ch, an to\u00e0n v\u00e0 t\u1ed1c \u0111\u1ed9.<\/p>\n\t\t<\/div>\n\t\t\t\t\t<\/div>\n\n\t\n<\/div>\n\t\t<\/div>\n\t\t\t\t\t<\/div>\n\n\t\n\n\t<div id=\"col-717513299\" class=\"col medium-3 small-6 large-3\"  >\n\t\t\t\t<div class=\"col-inner\"  >\n\t\t\t\n\t\t\t\n<div class=\"row\"  id=\"row-678016410\">\n\n\t<div id=\"col-936325238\" class=\"col medium-4 small-12 large-4\"  >\n\t\t\t\t<div class=\"col-inner\"  >\n\t\t\t\n\t\t\t\n\t<div class=\"img has-hover x md-x lg-x y md-y lg-y\" id=\"image_478101844\">\n\t\t\t\t\t\t\t\t<div class=\"img-inner dark\" >\n\t\t\t<img loading=\"lazy\" decoding=\"async\" width=\"57\" height=\"58\" src=\"https:\/\/www.58win.travel\/wp-content\/uploads\/2025\/12\/tro-choi.webp\" class=\"attachment-original size-original\" alt=\"S\u1ea2N PH\u1ea8M \u0110A D\u1ea0NG\" \/>\t\t\t\t\t\t\n\t\t\t\t\t<\/div>\n\t\t\t\t\t\t\t\t\n<style>\n#image_478101844 {\n  width: 100%;\n}\n<\/style>\n\t<\/div>\n\t\n\t\t<\/div>\n\t\t\t\t\t<\/div>\n\n\t\n\n\t<div id=\"col-492193961\" class=\"col medium-8 small-12 large-8\"  >\n\t\t\t\t<div class=\"col-inner\"  >\n\t\t\t\n\t\t\t\n<p><strong>S\u1ea2N PH\u1ea8M \u0110A D\u1ea0NG<\/strong><\/p>\n<p>+1000 Tr\u00f2 ch\u01a1i \u0111em \u0111\u1ebfn s\u1ef1 kh\u00e1c bi\u1ec7t trong tr\u1ea3i nghi\u1ec7m.<\/p>\n\t\t<\/div>\n\t\t\t\t\t<\/div>\n\n\t\n<\/div>\n\t\t<\/div>\n\t\t\t\t\t<\/div>\n\n\t\n\n\t<div id=\"col-2088206125\" class=\"col medium-3 small-6 large-3\"  >\n\t\t\t\t<div class=\"col-inner\"  >\n\t\t\t\n\t\t\t\n<div class=\"row\"  id=\"row-1323996753\">\n\n\t<div id=\"col-1911400806\" class=\"col medium-4 small-12 large-4\"  >\n\t\t\t\t<div class=\"col-inner\"  >\n\t\t\t\n\t\t\t\n\t<div class=\"img has-hover x md-x lg-x y md-y lg-y\" id=\"image_142126959\">\n\t\t\t\t\t\t\t\t<div class=\"img-inner dark\" >\n\t\t\t<img loading=\"lazy\" decoding=\"async\" width=\"57\" height=\"58\" src=\"https:\/\/www.58win.travel\/wp-content\/uploads\/2025\/12\/bao-mat.webp\" class=\"attachment-original size-original\" alt=\"AN TO\u00c0N B\u1ea2O M\u1eacT\" \/>\t\t\t\t\t\t\n\t\t\t\t\t<\/div>\n\t\t\t\t\t\t\t\t\n<style>\n#image_142126959 {\n  width: 100%;\n}\n<\/style>\n\t<\/div>\n\t\n\t\t<\/div>\n\t\t\t\t\t<\/div>\n\n\t\n\n\t<div id=\"col-1117811332\" class=\"col medium-8 small-12 large-8\"  >\n\t\t\t\t<div class=\"col-inner\"  >\n\t\t\t\n\t\t\t\n<p><strong>AN TO\u00c0N B\u1ea2O M\u1eacT<\/strong><\/p>\n<p>H\u1ec7 th\u1ed1ng b\u1ea3o m\u1eadt nghi\u00eam ng\u1eb7t b\u1ea3o v\u1ec7 m\u1ecdi d\u1eef li\u1ec7u v\u00e0 t\u00e0i kho\u1ea3n.<\/p>\n\t\t<\/div>\n\t\t\t\t\t<\/div>\n\n\t\n<\/div>\n\t\t<\/div>\n\t\t\t\t\t<\/div>\n\n\t\n\n\t<div id=\"col-533516319\" class=\"col medium-3 small-6 large-3\"  >\n\t\t\t\t<div class=\"col-inner\"  >\n\t\t\t\n\t\t\t\n<div class=\"row\"  id=\"row-17167829\">\n\n\t<div id=\"col-272512296\" class=\"col medium-4 small-12 large-4\"  >\n\t\t\t\t<div class=\"col-inner\"  >\n\t\t\t\n\t\t\t\n\t<div class=\"img has-hover x md-x lg-x y md-y lg-y\" id=\"image_458144775\">\n\t\t\t\t\t\t\t\t<div class=\"img-inner dark\" >\n\t\t\t<img loading=\"lazy\" decoding=\"async\" width=\"60\" height=\"53\" src=\"https:\/\/www.58win.travel\/wp-content\/uploads\/2025\/12\/giao-dich-nhanh.webp\" class=\"attachment-original size-original\" alt=\"GIAO D\u1ecaCH SI\u00caU T\u1ed0C\" \/>\t\t\t\t\t\t\n\t\t\t\t\t<\/div>\n\t\t\t\t\t\t\t\t\n<style>\n#image_458144775 {\n  width: 100%;\n}\n<\/style>\n\t<\/div>\n\t\n\t\t<\/div>\n\t\t\t\t\t<\/div>\n\n\t\n\n\t<div id=\"col-351441534\" class=\"col medium-8 small-12 large-8\"  >\n\t\t\t\t<div class=\"col-inner\"  >\n\t\t\t\n\t\t\t\n<p><strong>GIAO D\u1ecaCH NHANH<\/strong><\/p>\n<p>N\u1ea1p \u2013 r\u00fat ch\u1ec9 trong v\u00e0i gi\u00e2y v\u1edbi quy tr\u00ecnh t\u1ef1 \u0111\u1ed9ng h\u00f3a.<\/p>\n\t\t<\/div>\n\t\t\t\t\t<\/div>\n\n\t\n<\/div>\n\t\t<\/div>\n\t\t\t\t\t<\/div>\n\n\t\n<\/div>\n\t\t<\/div>\n\n\t\t\n<style>\n#section_39471627 {\n  padding-top: 30px;\n  padding-bottom: 30px;\n}\n<\/style>\n\t<\/section>\n\t\n","protected":false},"excerpt":{"rendered":"","protected":false},"author":1,"featured_media":0,"parent":0,"menu_order":0,"comment_status":"closed","ping_status":"closed","template":"page-blank.php","meta":{"footnotes":""},"class_list":["post-10","page","type-page","status-publish","hentry"],"_links":{"self":[{"href":"https:\/\/www.58win.travel\/index.php\/wp-json\/wp\/v2\/pages\/10","targetHints":{"allow":["GET"]}}],"collection":[{"href":"https:\/\/www.58win.travel\/index.php\/wp-json\/wp\/v2\/pages"}],"about":[{"href":"https:\/\/www.58win.travel\/index.php\/wp-json\/wp\/v2\/types\/page"}],"author":[{"embeddable":true,"href":"https:\/\/www.58win.travel\/index.php\/wp-json\/wp\/v2\/users\/1"}],"replies":[{"embeddable":true,"href":"https:\/\/www.58win.travel\/index.php\/wp-json\/wp\/v2\/comments?post=10"}],"version-history":[{"count":40,"href":"https:\/\/www.58win.travel\/index.php\/wp-json\/wp\/v2\/pages\/10\/revisions"}],"predecessor-version":[{"id":82,"href":"https:\/\/www.58win.travel\/index.php\/wp-json\/wp\/v2\/pages\/10\/revisions\/82"}],"wp:attachment":[{"href":"https:\/\/www.58win.travel\/index.php\/wp-json\/wp\/v2\/media?parent=10"}],"curies":[{"name":"wp","href":"https:\/\/api.w.org\/{rel}","templated":true}]}}